{"id":2,"date":"2015-08-09T15:49:29","date_gmt":"2015-08-09T15:49:29","guid":{"rendered":"http:\/\/lesdestinataireseclaires.fr\/?page_id=2"},"modified":"2016-03-20T17:50:26","modified_gmt":"2016-03-20T15:50:26","slug":"page-d-exemple","status":"publish","type":"page","link":"https:\/\/lesdestinataireseclaires.fr\/?page_id=2","title":{"rendered":"Ce que c&rsquo;est&#8230;."},"content":{"rendered":"<p>c&rsquo;est \u00e0 dire pas grand chose en particulier.<\/p>\n<p>un fatras, un capharna\u00fcm, un fourre tout, une boite de chaussures dans laquelle on jette les cartes postales&#8230; un bric-\u00e0-brac, un terrain vague&#8230;. une friche dans laquelle s&rsquo;\u00e9parpillent des herbes folles, des gramin\u00e9es rustiques qui poussent dans les interstices du ciment<\/p>\n<p>des images, des textes, des trucs qui bougent avec ou sans musique<\/p>\n<p>un cabanon en construction&#8230;. jamais fini, toujours en travaux, des outils qui tra\u00eenent partout, abandonn\u00e9s au sol, des boites ouvertes dont les couvercles ont disparu<\/p>\n","protected":false},"excerpt":{"rendered":"<p>c&rsquo;est \u00e0 dire pas grand chose en particulier. un fatras, un capharna\u00fcm, un fourre tout, une boite de chaussures dans laquelle on jette les cartes postales&#8230; un bric-\u00e0-brac, un terrain vague&#8230;. une friche dans laquelle s&rsquo;\u00e9parpillent des herbes folles, des gramin\u00e9es rustiques qui poussent dans les interstices du ciment des images, des textes, des trucs qui bougent avec ou sans musique un cabanon en construction&#8230;. jamais fini, toujours en travaux, des outils qui tra\u00eenent partout, abandonn\u00e9s au sol, des boites&#8230;<\/p>\n<p class=\"read-more\"><a class=\"btn btn-default\" href=\"https:\/\/lesdestinataireseclaires.fr\/?page_id=2\">Lire la suite<span class=\"screen-reader-text\"> Lire la suite<\/span><\/a><\/p>\n","protected":false},"author":1,"featured_media":0,"parent":0,"menu_order":0,"comment_status":"open","ping_status":"open","template":"","meta":{"om_disable_all_campaigns":false,"_monsterinsights_skip_tracking":false,"_monsterinsights_sitenote_active":false,"_monsterinsights_sitenote_note":"","_monsterinsights_sitenote_category":0,"footnotes":""},"class_list":["post-2","page","type-page","status-publish","hentry"],"_links":{"self":[{"href":"https:\/\/lesdestinataireseclaires.fr\/index.php?rest_route=\/wp\/v2\/pages\/2","targetHints":{"allow":["GET"]}}],"collection":[{"href":"https:\/\/lesdestinataireseclaires.fr\/index.php?rest_route=\/wp\/v2\/pages"}],"about":[{"href":"https:\/\/lesdestinataireseclaires.fr\/index.php?rest_route=\/wp\/v2\/types\/page"}],"author":[{"embeddable":true,"href":"https:\/\/lesdestinataireseclaires.fr\/index.php?rest_route=\/wp\/v2\/users\/1"}],"replies":[{"embeddable":true,"href":"https:\/\/lesdestinataireseclaires.fr\/index.php?rest_route=%2Fwp%2Fv2%2Fcomments&post=2"}],"version-history":[{"count":5,"href":"https:\/\/lesdestinataireseclaires.fr\/index.php?rest_route=\/wp\/v2\/pages\/2\/revisions"}],"predecessor-version":[{"id":780,"href":"https:\/\/lesdestinataireseclaires.fr\/index.php?rest_route=\/wp\/v2\/pages\/2\/revisions\/780"}],"wp:attachment":[{"href":"https:\/\/lesdestinataireseclaires.fr\/index.php?rest_route=%2Fwp%2Fv2%2Fmedia&parent=2"}],"curies":[{"name":"wp","href":"https:\/\/api.w.org\/{rel}","templated":true}]}}